{"id":13061,"date":"2024-10-08T14:27:30","date_gmt":"2024-10-08T14:27:30","guid":{"rendered":"https:\/\/www.outlize.com\/?page_id=13061"},"modified":"2024-10-30T14:03:05","modified_gmt":"2024-10-30T14:03:05","slug":"articles","status":"publish","type":"page","link":"https:\/\/www.outlize.com\/en\/articles\/","title":{"rendered":"Articles"},"content":{"rendered":"<div data-elementor-type=\"wp-page\" data-elementor-id=\"13061\" class=\"elementor elementor-13061\" data-elementor-post-type=\"page\">\n\t\t\t\t<div class=\"elementor-element elementor-element-c733c83 e-flex e-con-boxed e-con e-parent\" data-id=\"c733c83\" data-element_type=\"container\" data-e-type=\"container\" data-settings=\"{&quot;background_background&quot;:&quot;gradient&quot;}\">\n\t\t\t\t\t<div class=\"e-con-inner\">\n\t\t\t\t<div class=\"elementor-element elementor-element-64bd25c elementor-widget elementor-widget-heading\" data-id=\"64bd25c\" data-element_type=\"widget\" data-e-type=\"widget\" data-widget_type=\"heading.default\">\n\t\t\t\t<div class=\"elementor-widget-container\">\n\t\t\t\t\t<h1 class=\"elementor-heading-title elementor-size-default\">Branding Articles<\/h1>\t\t\t\t<\/div>\n\t\t\t\t<\/div>\n\t\t\t\t<div class=\"elementor-element elementor-element-63b8c31 elementor-widget elementor-widget-heading\" data-id=\"63b8c31\" data-element_type=\"widget\" data-e-type=\"widget\" data-widget_type=\"heading.default\">\n\t\t\t\t<div class=\"elementor-widget-container\">\n\t\t\t\t\t<h2 class=\"elementor-heading-title elementor-size-default\">All you need to know about branding<\/h2>\t\t\t\t<\/div>\n\t\t\t\t<\/div>\n\t\t\t\t<div class=\"elementor-element elementor-element-c3d0c4a elementor-widget elementor-widget-text-editor\" data-id=\"c3d0c4a\" data-element_type=\"widget\" data-e-type=\"widget\" data-widget_type=\"text-editor.default\">\n\t\t\t\t<div class=\"elementor-widget-container\">\n\t\t\t\t\t\t\t\t\t<p>Hier haben wir alles an Wissen gesammelt, damit du direkt davon Profitieren kannst. <\/p>\t\t\t\t\t\t\t\t<\/div>\n\t\t\t\t<\/div>\n\t\t\t\t\t<\/div>\n\t\t\t\t<\/div>\n\t\t<div class=\"elementor-element elementor-element-5be58a8 e-flex e-con-boxed e-con e-parent\" data-id=\"5be58a8\" data-element_type=\"container\" data-e-type=\"container\">\n\t\t\t\t\t<div class=\"e-con-inner\">\n\t\t\t\t<div class=\"elementor-element elementor-element-287416a elementor-posts--align-left elementor-posts__hover-none elementor-grid-3 elementor-grid-tablet-2 elementor-grid-mobile-1 elementor-posts--thumbnail-top elementor-widget elementor-widget-posts\" data-id=\"287416a\" data-element_type=\"widget\" data-e-type=\"widget\" data-settings=\"{&quot;cards_row_gap&quot;:{&quot;unit&quot;:&quot;px&quot;,&quot;size&quot;:40,&quot;sizes&quot;:[]},&quot;_animation&quot;:&quot;none&quot;,&quot;cards_columns&quot;:&quot;3&quot;,&quot;cards_columns_tablet&quot;:&quot;2&quot;,&quot;cards_columns_mobile&quot;:&quot;1&quot;,&quot;cards_row_gap_laptop&quot;:{&quot;unit&quot;:&quot;px&quot;,&quot;size&quot;:&quot;&quot;,&quot;sizes&quot;:[]},&quot;cards_row_gap_tablet&quot;:{&quot;unit&quot;:&quot;px&quot;,&quot;size&quot;:&quot;&quot;,&quot;sizes&quot;:[]},&quot;cards_row_gap_mobile&quot;:{&quot;unit&quot;:&quot;px&quot;,&quot;size&quot;:&quot;&quot;,&quot;sizes&quot;:[]}}\" data-widget_type=\"posts.cards\">\n\t\t\t\t<div class=\"elementor-widget-container\">\n\t\t\t\t\t\t\t<div class=\"elementor-posts-container elementor-posts elementor-posts--skin-cards elementor-grid\" role=\"list\">\n\t\t\t\t<article class=\"elementor-post elementor-grid-item post-18703 post type-post status-publish format-standard has-post-thumbnail hentry category-brand-strategy\" role=\"listitem\">\n\t\t\t<div class=\"elementor-post__card\">\n\t\t\t\t<a class=\"elementor-post__thumbnail__link\" href=\"https:\/\/www.outlize.com\/en\/branding-vs-marketing\/\" tabindex=\"-1\" ><div class=\"elementor-post__thumbnail\"><img decoding=\"async\" width=\"300\" height=\"158\" src=\"https:\/\/www.outlize.com\/wp-content\/uploads\/2024\/10\/Hero-300x158.webp\" class=\"attachment-medium size-medium wp-image-18723\" alt=\"Rafael (Co-Founder von outlize) steht auf der B\u00fchne und h\u00e4lt einen Vortrag \u00fcber Marketing vs. Branding. Im Hintergrund ist ein Zitat von Steve Jobs zu sehen.\" srcset=\"https:\/\/www.outlize.com\/wp-content\/uploads\/2024\/10\/Hero-300x158.webp 300w, https:\/\/www.outlize.com\/wp-content\/uploads\/2024\/10\/Hero-1024x540.webp 1024w, https:\/\/www.outlize.com\/wp-content\/uploads\/2024\/10\/Hero-768x405.webp 768w, https:\/\/www.outlize.com\/wp-content\/uploads\/2024\/10\/Hero-1536x810.webp 1536w, https:\/\/www.outlize.com\/wp-content\/uploads\/2024\/10\/Hero-18x9.webp 18w, https:\/\/www.outlize.com\/wp-content\/uploads\/2024\/10\/Hero.webp 1920w\" sizes=\"(max-width: 300px) 100vw, 300px\" \/><\/div><\/a>\n\t\t\t\t<div class=\"elementor-post__text\">\n\t\t\t\t<h2 class=\"elementor-post__title\">\n\t\t\t<a href=\"https:\/\/www.outlize.com\/en\/branding-vs-marketing\/\" >\n\t\t\t\tBranding vs. Marketing: Was ist der Unterschied und worin solltest du investieren?\t\t\t<\/a>\n\t\t<\/h2>\n\t\t\t\t<div class=\"elementor-post__excerpt\">\n\t\t\t<p>In der heutigen Gesch\u00e4ftswelt ist es entscheidend, sich sowohl mit Branding als auch mit Marketing auseinanderzusetzen. Beide Begriffe werden oft<\/p>\n\t\t<\/div>\n\t\t\n\t\t<a class=\"elementor-post__read-more\" href=\"https:\/\/www.outlize.com\/en\/branding-vs-marketing\/\" aria-label=\"Read more about Branding vs. Marketing: Was ist der Unterschied und worin solltest du investieren?\" tabindex=\"-1\" >\n\t\t\tWeiterlesen\t\t<\/a>\n\n\t\t\t\t<\/div>\n\t\t\t\t\t<\/div>\n\t\t<\/article>\n\t\t\t\t<article class=\"elementor-post elementor-grid-item post-18547 post type-post status-publish format-standard has-post-thumbnail hentry category-brand-design category-startup\" role=\"listitem\">\n\t\t\t<div class=\"elementor-post__card\">\n\t\t\t\t<a class=\"elementor-post__thumbnail__link\" href=\"https:\/\/www.outlize.com\/en\/startup-logo\/\" tabindex=\"-1\" ><div class=\"elementor-post__thumbnail\"><img decoding=\"async\" width=\"300\" height=\"158\" src=\"https:\/\/www.outlize.com\/wp-content\/uploads\/2024\/09\/Hero-300x158.webp\" class=\"attachment-medium size-medium wp-image-18632\" alt=\"Foto von Skizzen f\u00fcr ein Logo eines Startups.\" srcset=\"https:\/\/www.outlize.com\/wp-content\/uploads\/2024\/09\/Hero-300x158.webp 300w, https:\/\/www.outlize.com\/wp-content\/uploads\/2024\/09\/Hero-1024x540.webp 1024w, https:\/\/www.outlize.com\/wp-content\/uploads\/2024\/09\/Hero-768x405.webp 768w, https:\/\/www.outlize.com\/wp-content\/uploads\/2024\/09\/Hero-1536x810.webp 1536w, https:\/\/www.outlize.com\/wp-content\/uploads\/2024\/09\/Hero-18x9.webp 18w, https:\/\/www.outlize.com\/wp-content\/uploads\/2024\/09\/Hero.webp 1920w\" sizes=\"(max-width: 300px) 100vw, 300px\" \/><\/div><\/a>\n\t\t\t\t<div class=\"elementor-post__text\">\n\t\t\t\t<h2 class=\"elementor-post__title\">\n\t\t\t<a href=\"https:\/\/www.outlize.com\/en\/startup-logo\/\" >\n\t\t\t\tSo erstellst du ein Logo f\u00fcr dein Startup\t\t\t<\/a>\n\t\t<\/h2>\n\t\t\t\t<div class=\"elementor-post__excerpt\">\n\t\t\t<p>Als Startup ist eines der ersten Dinge, die du f\u00fcr deine Marke tun solltest, ein einzigartiges und professionelles Logo zu<\/p>\n\t\t<\/div>\n\t\t\n\t\t<a class=\"elementor-post__read-more\" href=\"https:\/\/www.outlize.com\/en\/startup-logo\/\" aria-label=\"Read more about So erstellst du ein Logo f\u00fcr dein Startup\" tabindex=\"-1\" >\n\t\t\tWeiterlesen\t\t<\/a>\n\n\t\t\t\t<\/div>\n\t\t\t\t\t<\/div>\n\t\t<\/article>\n\t\t\t\t<\/div>\n\t\t\n\t\t\t\t\t\t<\/div>\n\t\t\t\t<\/div>\n\t\t\t\t\t<\/div>\n\t\t\t\t<\/div>\n\t\t\t\t<\/div>","protected":false},"excerpt":{"rendered":"<p>All you need to know about branding\u200b. Eine Sammlung an Inforamtionen und Wissenswertes \u00fcber Branding.<\/p>","protected":false},"author":1,"featured_media":16155,"parent":0,"menu_order":0,"comment_status":"closed","ping_status":"closed","template":"elementor_theme","meta":{"content-type":"","footnotes":""},"class_list":["post-13061","page","type-page","status-publish","has-post-thumbnail","hentry"],"yoast_head":"<!-- This site is optimized with the Yoast SEO Premium plugin v25.4 (Yoast SEO v27.4) - https:\/\/yoast.com\/product\/yoast-seo-premium-wordpress\/ -->\n<title>Articles | outlize \u2013 branding<\/title>\n<meta name=\"robots\" content=\"index, follow, max-snippet:-1, max-image-preview:large, max-video-preview:-1\" \/>\n<link rel=\"canonical\" href=\"https:\/\/www.outlize.com\/en\/articles\/\" \/>\n<meta property=\"og:locale\" content=\"en_US\" \/>\n<meta property=\"og:type\" content=\"article\" \/>\n<meta property=\"og:title\" content=\"Articles\" \/>\n<meta property=\"og:description\" content=\"All you need to know about branding\u200b. Eine Sammlung an Inforamtionen und Wissenswertes \u00fcber Branding.\" \/>\n<meta property=\"og:url\" content=\"https:\/\/www.outlize.com\/en\/articles\/\" \/>\n<meta property=\"og:site_name\" content=\"outlize \u2013 branding\" \/>\n<meta property=\"article:modified_time\" content=\"2024-10-30T14:03:05+00:00\" \/>\n<meta property=\"og:image\" content=\"https:\/\/www.outlize.com\/wp-content\/uploads\/2024\/06\/2024-04-17-Outlize-Team.webp\" \/>\n\t<meta property=\"og:image:width\" content=\"1810\" \/>\n\t<meta property=\"og:image:height\" content=\"1216\" \/>\n\t<meta property=\"og:image:type\" content=\"image\/webp\" \/>\n<meta name=\"twitter:card\" content=\"summary_large_image\" \/>\n<meta name=\"twitter:label1\" content=\"Est. reading time\" \/>\n\t<meta name=\"twitter:data1\" content=\"2 minutes\" \/>\n<script type=\"application\/ld+json\" class=\"yoast-schema-graph\">{\"@context\":\"https:\\\/\\\/schema.org\",\"@graph\":[{\"@type\":\"WebPage\",\"@id\":\"https:\\\/\\\/www.outlize.com\\\/articles\\\/\",\"url\":\"https:\\\/\\\/www.outlize.com\\\/articles\\\/\",\"name\":\"Articles | outlize \u2013 branding\",\"isPartOf\":{\"@id\":\"https:\\\/\\\/www.outlize.com\\\/#website\"},\"primaryImageOfPage\":{\"@id\":\"https:\\\/\\\/www.outlize.com\\\/articles\\\/#primaryimage\"},\"image\":{\"@id\":\"https:\\\/\\\/www.outlize.com\\\/articles\\\/#primaryimage\"},\"thumbnailUrl\":\"https:\\\/\\\/www.outlize.com\\\/wp-content\\\/uploads\\\/2024\\\/06\\\/2024-04-17-Outlize-Team.webp\",\"datePublished\":\"2024-10-08T14:27:30+00:00\",\"dateModified\":\"2024-10-30T14:03:05+00:00\",\"breadcrumb\":{\"@id\":\"https:\\\/\\\/www.outlize.com\\\/articles\\\/#breadcrumb\"},\"inLanguage\":\"en-US\",\"potentialAction\":[{\"@type\":\"ReadAction\",\"target\":[\"https:\\\/\\\/www.outlize.com\\\/articles\\\/\"]}]},{\"@type\":\"ImageObject\",\"inLanguage\":\"en-US\",\"@id\":\"https:\\\/\\\/www.outlize.com\\\/articles\\\/#primaryimage\",\"url\":\"https:\\\/\\\/www.outlize.com\\\/wp-content\\\/uploads\\\/2024\\\/06\\\/2024-04-17-Outlize-Team.webp\",\"contentUrl\":\"https:\\\/\\\/www.outlize.com\\\/wp-content\\\/uploads\\\/2024\\\/06\\\/2024-04-17-Outlize-Team.webp\",\"width\":1810,\"height\":1216,\"caption\":\"Die drei Founder der Wiener Branding Agentur outlize posieren in gebrandeten T-Shirts mit dem outlize Brand Logo. Das outlize Brand Logo ist prominent im Vordergrund platziert.\"},{\"@type\":\"BreadcrumbList\",\"@id\":\"https:\\\/\\\/www.outlize.com\\\/articles\\\/#breadcrumb\",\"itemListElement\":[{\"@type\":\"ListItem\",\"position\":1,\"name\":\"Startseite\",\"item\":\"https:\\\/\\\/www.outlize.com\\\/\"},{\"@type\":\"ListItem\",\"position\":2,\"name\":\"Articles\"}]},{\"@type\":\"WebSite\",\"@id\":\"https:\\\/\\\/www.outlize.com\\\/#website\",\"url\":\"https:\\\/\\\/www.outlize.com\\\/\",\"name\":\"outlize \u2013 branding\",\"description\":\"branding as a statement\",\"publisher\":{\"@id\":\"https:\\\/\\\/www.outlize.com\\\/#organization\"},\"potentialAction\":[{\"@type\":\"SearchAction\",\"target\":{\"@type\":\"EntryPoint\",\"urlTemplate\":\"https:\\\/\\\/www.outlize.com\\\/?s={search_term_string}\"},\"query-input\":{\"@type\":\"PropertyValueSpecification\",\"valueRequired\":true,\"valueName\":\"search_term_string\"}}],\"inLanguage\":\"en-US\"},{\"@type\":\"Organization\",\"@id\":\"https:\\\/\\\/www.outlize.com\\\/#organization\",\"name\":\"outlize\",\"url\":\"https:\\\/\\\/www.outlize.com\\\/\",\"logo\":{\"@type\":\"ImageObject\",\"inLanguage\":\"en-US\",\"@id\":\"https:\\\/\\\/www.outlize.com\\\/#\\\/schema\\\/logo\\\/image\\\/\",\"url\":\"https:\\\/\\\/www.outlize.com\\\/wp-content\\\/uploads\\\/2020\\\/11\\\/2020-11-06-outlize-logo-LB-RGB.svg\",\"contentUrl\":\"https:\\\/\\\/www.outlize.com\\\/wp-content\\\/uploads\\\/2020\\\/11\\\/2020-11-06-outlize-logo-LB-RGB.svg\",\"width\":1,\"height\":1,\"caption\":\"outlize\"},\"image\":{\"@id\":\"https:\\\/\\\/www.outlize.com\\\/#\\\/schema\\\/logo\\\/image\\\/\"}}]}<\/script>\n<!-- \/ Yoast SEO Premium plugin. -->","yoast_head_json":{"title":"Articles | outlize \u2013 branding","robots":{"index":"index","follow":"follow","max-snippet":"max-snippet:-1","max-image-preview":"max-image-preview:large","max-video-preview":"max-video-preview:-1"},"canonical":"https:\/\/www.outlize.com\/en\/articles\/","og_locale":"en_US","og_type":"article","og_title":"Articles","og_description":"All you need to know about branding\u200b. Eine Sammlung an Inforamtionen und Wissenswertes \u00fcber Branding.","og_url":"https:\/\/www.outlize.com\/en\/articles\/","og_site_name":"outlize \u2013 branding","article_modified_time":"2024-10-30T14:03:05+00:00","og_image":[{"width":1810,"height":1216,"url":"https:\/\/www.outlize.com\/wp-content\/uploads\/2024\/06\/2024-04-17-Outlize-Team.webp","type":"image\/webp"}],"twitter_card":"summary_large_image","twitter_misc":{"Est. reading time":"2 minutes"},"schema":{"@context":"https:\/\/schema.org","@graph":[{"@type":"WebPage","@id":"https:\/\/www.outlize.com\/articles\/","url":"https:\/\/www.outlize.com\/articles\/","name":"Articles | outlize \u2013 branding","isPartOf":{"@id":"https:\/\/www.outlize.com\/#website"},"primaryImageOfPage":{"@id":"https:\/\/www.outlize.com\/articles\/#primaryimage"},"image":{"@id":"https:\/\/www.outlize.com\/articles\/#primaryimage"},"thumbnailUrl":"https:\/\/www.outlize.com\/wp-content\/uploads\/2024\/06\/2024-04-17-Outlize-Team.webp","datePublished":"2024-10-08T14:27:30+00:00","dateModified":"2024-10-30T14:03:05+00:00","breadcrumb":{"@id":"https:\/\/www.outlize.com\/articles\/#breadcrumb"},"inLanguage":"en-US","potentialAction":[{"@type":"ReadAction","target":["https:\/\/www.outlize.com\/articles\/"]}]},{"@type":"ImageObject","inLanguage":"en-US","@id":"https:\/\/www.outlize.com\/articles\/#primaryimage","url":"https:\/\/www.outlize.com\/wp-content\/uploads\/2024\/06\/2024-04-17-Outlize-Team.webp","contentUrl":"https:\/\/www.outlize.com\/wp-content\/uploads\/2024\/06\/2024-04-17-Outlize-Team.webp","width":1810,"height":1216,"caption":"Die drei Founder der Wiener Branding Agentur outlize posieren in gebrandeten T-Shirts mit dem outlize Brand Logo. Das outlize Brand Logo ist prominent im Vordergrund platziert."},{"@type":"BreadcrumbList","@id":"https:\/\/www.outlize.com\/articles\/#breadcrumb","itemListElement":[{"@type":"ListItem","position":1,"name":"Startseite","item":"https:\/\/www.outlize.com\/"},{"@type":"ListItem","position":2,"name":"Articles"}]},{"@type":"WebSite","@id":"https:\/\/www.outlize.com\/#website","url":"https:\/\/www.outlize.com\/","name":"outlize \u2013 branding","description":"branding as a statement","publisher":{"@id":"https:\/\/www.outlize.com\/#organization"},"potentialAction":[{"@type":"SearchAction","target":{"@type":"EntryPoint","urlTemplate":"https:\/\/www.outlize.com\/?s={search_term_string}"},"query-input":{"@type":"PropertyValueSpecification","valueRequired":true,"valueName":"search_term_string"}}],"inLanguage":"en-US"},{"@type":"Organization","@id":"https:\/\/www.outlize.com\/#organization","name":"outlize","url":"https:\/\/www.outlize.com\/","logo":{"@type":"ImageObject","inLanguage":"en-US","@id":"https:\/\/www.outlize.com\/#\/schema\/logo\/image\/","url":"https:\/\/www.outlize.com\/wp-content\/uploads\/2020\/11\/2020-11-06-outlize-logo-LB-RGB.svg","contentUrl":"https:\/\/www.outlize.com\/wp-content\/uploads\/2020\/11\/2020-11-06-outlize-logo-LB-RGB.svg","width":1,"height":1,"caption":"outlize"},"image":{"@id":"https:\/\/www.outlize.com\/#\/schema\/logo\/image\/"}}]}},"_links":{"self":[{"href":"https:\/\/www.outlize.com\/en\/wp-json\/wp\/v2\/pages\/13061","targetHints":{"allow":["GET"]}}],"collection":[{"href":"https:\/\/www.outlize.com\/en\/wp-json\/wp\/v2\/pages"}],"about":[{"href":"https:\/\/www.outlize.com\/en\/wp-json\/wp\/v2\/types\/page"}],"author":[{"embeddable":true,"href":"https:\/\/www.outlize.com\/en\/wp-json\/wp\/v2\/users\/1"}],"replies":[{"embeddable":true,"href":"https:\/\/www.outlize.com\/en\/wp-json\/wp\/v2\/comments?post=13061"}],"version-history":[{"count":0,"href":"https:\/\/www.outlize.com\/en\/wp-json\/wp\/v2\/pages\/13061\/revisions"}],"wp:featuredmedia":[{"embeddable":true,"href":"https:\/\/www.outlize.com\/en\/wp-json\/wp\/v2\/media\/16155"}],"wp:attachment":[{"href":"https:\/\/www.outlize.com\/en\/wp-json\/wp\/v2\/media?parent=13061"}],"curies":[{"name":"wp","href":"https:\/\/api.w.org\/{rel}","templated":true}]}}