{"id":3203,"date":"2021-03-03T17:10:56","date_gmt":"2021-03-03T17:10:56","guid":{"rendered":"https:\/\/www.outlize.com\/?page_id=3203"},"modified":"2026-02-16T12:04:47","modified_gmt":"2026-02-16T12:04:47","slug":"team-2","status":"publish","type":"page","link":"https:\/\/www.outlize.com\/en\/team-2\/","title":{"rendered":"team"},"content":{"rendered":"\t\t<div data-elementor-type=\"wp-page\" data-elementor-id=\"3203\" class=\"elementor elementor-3203\" data-elementor-post-type=\"page\">\n\t\t\t\t\t\t<section class=\"elementor-section elementor-top-section elementor-element elementor-element-dcfb93e elementor-section-height-min-height elementor-section-content-middle elementor-section-boxed elementor-section-height-default elementor-section-items-middle\" data-id=\"dcfb93e\" data-element_type=\"section\" data-e-type=\"section\" data-settings=\"{&quot;background_background&quot;:&quot;classic&quot;,&quot;background_motion_fx_motion_fx_scrolling&quot;:&quot;yes&quot;,&quot;background_motion_fx_translateY_effect&quot;:&quot;yes&quot;,&quot;background_motion_fx_translateY_direction&quot;:&quot;negative&quot;,&quot;background_motion_fx_translateY_speed&quot;:{&quot;unit&quot;:&quot;px&quot;,&quot;size&quot;:5,&quot;sizes&quot;:[]},&quot;background_motion_fx_translateY_affectedRange&quot;:{&quot;unit&quot;:&quot;%&quot;,&quot;size&quot;:&quot;&quot;,&quot;sizes&quot;:{&quot;start&quot;:0,&quot;end&quot;:100}},&quot;background_motion_fx_devices&quot;:[&quot;desktop&quot;,&quot;laptop&quot;,&quot;tablet&quot;,&quot;mobile&quot;]}\">\n\t\t\t\t\t\t<div class=\"elementor-container elementor-column-gap-default\">\n\t\t\t\t\t<div class=\"elementor-column elementor-col-100 elementor-top-column elementor-element elementor-element-14f53df\" data-id=\"14f53df\" data-element_type=\"column\" data-e-type=\"column\">\n\t\t\t<div class=\"elementor-widget-wrap elementor-element-populated\">\n\t\t\t\t\t\t<div class=\"elementor-element elementor-element-ef2a728 elementor-invisible elementor-widget elementor-widget-heading\" data-id=\"ef2a728\" data-element_type=\"widget\" data-e-type=\"widget\" data-settings=\"{&quot;_animation&quot;:&quot;fadeInLeft&quot;,&quot;_animation_delay&quot;:200}\" data-widget_type=\"heading.default\">\n\t\t\t\t<div class=\"elementor-widget-container\">\n\t\t\t\t\t<h1 class=\"elementor-heading-title elementor-size-default\">Outlize Crew<\/h1>\t\t\t\t<\/div>\n\t\t\t\t<\/div>\n\t\t\t\t<section class=\"elementor-section elementor-inner-section elementor-element elementor-element-47cef76 elementor-section-boxed elementor-section-height-default elementor-section-height-default\" data-id=\"47cef76\" data-element_type=\"section\" data-e-type=\"section\">\n\t\t\t\t\t\t<div class=\"elementor-container elementor-column-gap-default\">\n\t\t\t\t\t<div class=\"elementor-column elementor-col-50 elementor-inner-column elementor-element elementor-element-fdd5e72\" data-id=\"fdd5e72\" data-element_type=\"column\" data-e-type=\"column\">\n\t\t\t<div class=\"elementor-widget-wrap elementor-element-populated\">\n\t\t\t\t\t\t<div class=\"elementor-element elementor-element-03e4121 elementor-invisible elementor-widget elementor-widget-text-editor\" data-id=\"03e4121\" data-element_type=\"widget\" data-e-type=\"widget\" data-settings=\"{&quot;_animation&quot;:&quot;fadeInLeft&quot;,&quot;_animation_delay&quot;:500}\" data-widget_type=\"text-editor.default\">\n\t\t\t\t<div class=\"elementor-widget-container\">\n\t\t\t\t\t\t\t\t\t<p>Wenn Sie sich auf unbeantwortete SMS, nicht eingehaltene Deadlines und nach dem 37. ignorierten Anruf die Mobilbox anbr\u00fcllen einstellen, sind Sie bei uns genau falsch. Wer mit uns zusammenarbeitet, kann sich auf spa\u00dfige Meetings, ehrliche und direkte Kommunikation und ein hohes Ma\u00df an Zuverl\u00e4ssigkeit einstellen. Ihr Erfolg, sowie gegenseitiger Respekt, steht f\u00fcr uns an oberster Stelle.<\/p>\t\t\t\t\t\t\t\t<\/div>\n\t\t\t\t<\/div>\n\t\t\t\t\t<\/div>\n\t\t<\/div>\n\t\t\t\t<div class=\"elementor-column elementor-col-50 elementor-inner-column elementor-element elementor-element-7bc481f elementor-invisible\" data-id=\"7bc481f\" data-element_type=\"column\" data-e-type=\"column\" data-settings=\"{&quot;animation&quot;:&quot;fadeInLeft&quot;,&quot;animation_delay&quot;:500}\">\n\t\t\t<div class=\"elementor-widget-wrap\">\n\t\t\t\t\t\t\t<\/div>\n\t\t<\/div>\n\t\t\t\t\t<\/div>\n\t\t<\/section>\n\t\t\t\t\t<\/div>\n\t\t<\/div>\n\t\t\t\t\t<\/div>\n\t\t<\/section>\n\t\t\t\t<section class=\"elementor-section elementor-top-section elementor-element elementor-element-e80f573 elementor-section-height-min-height elementor-section-boxed elementor-section-height-default elementor-section-items-middle elementor-invisible\" data-id=\"e80f573\" data-element_type=\"section\" data-e-type=\"section\" data-settings=\"{&quot;background_background&quot;:&quot;classic&quot;,&quot;animation&quot;:&quot;fadeIn&quot;,&quot;animation_delay&quot;:350}\">\n\t\t\t\t\t\t<div class=\"elementor-container elementor-column-gap-default\">\n\t\t\t\t\t<div class=\"elementor-column elementor-col-33 elementor-top-column elementor-element elementor-element-a064ca0\" data-id=\"a064ca0\" data-element_type=\"column\" data-e-type=\"column\" data-settings=\"{&quot;motion_fx_motion_fx_scrolling&quot;:&quot;yes&quot;,&quot;motion_fx_translateY_effect&quot;:&quot;yes&quot;,&quot;motion_fx_translateY_speed&quot;:{&quot;unit&quot;:&quot;px&quot;,&quot;size&quot;:0.7,&quot;sizes&quot;:[]},&quot;motion_fx_translateY_affectedRange&quot;:{&quot;unit&quot;:&quot;%&quot;,&quot;size&quot;:&quot;&quot;,&quot;sizes&quot;:{&quot;start&quot;:0,&quot;end&quot;:100}},&quot;motion_fx_devices&quot;:[&quot;desktop&quot;,&quot;laptop&quot;,&quot;tablet&quot;,&quot;mobile&quot;]}\">\n\t\t\t<div class=\"elementor-widget-wrap elementor-element-populated\">\n\t\t\t\t\t\t<div class=\"elementor-element elementor-element-95b35f9 elementor-widget elementor-widget-text-editor\" data-id=\"95b35f9\" data-element_type=\"widget\" data-e-type=\"widget\" data-widget_type=\"text-editor.default\">\n\t\t\t\t<div class=\"elementor-widget-container\">\n\t\t\t\t\t\t\t\t\t<p>1 \/ 3<\/p>\t\t\t\t\t\t\t\t<\/div>\n\t\t\t\t<\/div>\n\t\t\t\t\t<\/div>\n\t\t<\/div>\n\t\t\t\t<div class=\"elementor-column elementor-col-33 elementor-top-column elementor-element elementor-element-20c7672\" data-id=\"20c7672\" data-element_type=\"column\" data-e-type=\"column\" data-settings=\"{&quot;motion_fx_motion_fx_scrolling&quot;:&quot;yes&quot;,&quot;motion_fx_translateY_effect&quot;:&quot;yes&quot;,&quot;motion_fx_translateY_speed&quot;:{&quot;unit&quot;:&quot;px&quot;,&quot;size&quot;:1,&quot;sizes&quot;:[]},&quot;motion_fx_translateY_affectedRange&quot;:{&quot;unit&quot;:&quot;%&quot;,&quot;size&quot;:&quot;&quot;,&quot;sizes&quot;:{&quot;start&quot;:0,&quot;end&quot;:100}},&quot;motion_fx_devices&quot;:[&quot;desktop&quot;,&quot;laptop&quot;,&quot;tablet&quot;,&quot;mobile&quot;]}\">\n\t\t\t<div class=\"elementor-widget-wrap elementor-element-populated\">\n\t\t\t\t\t\t<div class=\"elementor-element elementor-element-b7d8c6c elementor-widget elementor-widget-heading\" data-id=\"b7d8c6c\" data-element_type=\"widget\" data-e-type=\"widget\" data-widget_type=\"heading.default\">\n\t\t\t\t<div class=\"elementor-widget-container\">\n\t\t\t\t\t<h2 class=\"elementor-heading-title elementor-size-default\">Rafael Auferbauer<\/h2>\t\t\t\t<\/div>\n\t\t\t\t<\/div>\n\t\t\t\t<div class=\"elementor-element elementor-element-8292d72 elementor-widget elementor-widget-text-editor\" data-id=\"8292d72\" data-element_type=\"widget\" data-e-type=\"widget\" data-widget_type=\"text-editor.default\">\n\t\t\t\t<div class=\"elementor-widget-container\">\n\t\t\t\t\t\t\t\t\t<p>Rafael ist verantwortlich f\u00fcr Brand Strategy und jegliches Copywriting. Zudem k\u00fcmmert er sich um die Gesch\u00e4ftsf\u00fchrung und Sales.<\/p>\t\t\t\t\t\t\t\t<\/div>\n\t\t\t\t<\/div>\n\t\t\t\t\t<\/div>\n\t\t<\/div>\n\t\t\t\t<div class=\"elementor-column elementor-col-33 elementor-top-column elementor-element elementor-element-805266b\" data-id=\"805266b\" data-element_type=\"column\" data-e-type=\"column\">\n\t\t\t<div class=\"elementor-widget-wrap\">\n\t\t\t\t\t\t\t<\/div>\n\t\t<\/div>\n\t\t\t\t\t<\/div>\n\t\t<\/section>\n\t\t\t\t<section class=\"elementor-section elementor-top-section elementor-element elementor-element-ece1070 elementor-section-height-min-height elementor-section-boxed elementor-section-height-default elementor-section-items-middle elementor-invisible\" data-id=\"ece1070\" data-element_type=\"section\" data-e-type=\"section\" data-settings=\"{&quot;background_background&quot;:&quot;classic&quot;,&quot;animation&quot;:&quot;fadeIn&quot;,&quot;animation_delay&quot;:350}\">\n\t\t\t\t\t\t<div class=\"elementor-container elementor-column-gap-default\">\n\t\t\t\t\t<div class=\"elementor-column elementor-col-33 elementor-top-column elementor-element elementor-element-3a79752\" data-id=\"3a79752\" data-element_type=\"column\" data-e-type=\"column\" data-settings=\"{&quot;motion_fx_motion_fx_scrolling&quot;:&quot;yes&quot;,&quot;motion_fx_translateY_effect&quot;:&quot;yes&quot;,&quot;motion_fx_translateY_speed&quot;:{&quot;unit&quot;:&quot;px&quot;,&quot;size&quot;:0.7,&quot;sizes&quot;:[]},&quot;motion_fx_translateY_affectedRange&quot;:{&quot;unit&quot;:&quot;%&quot;,&quot;size&quot;:&quot;&quot;,&quot;sizes&quot;:{&quot;start&quot;:0,&quot;end&quot;:100}},&quot;motion_fx_devices&quot;:[&quot;desktop&quot;,&quot;laptop&quot;,&quot;tablet&quot;,&quot;mobile&quot;]}\">\n\t\t\t<div class=\"elementor-widget-wrap elementor-element-populated\">\n\t\t\t\t\t\t<div class=\"elementor-element elementor-element-60b322f elementor-widget elementor-widget-text-editor\" data-id=\"60b322f\" data-element_type=\"widget\" data-e-type=\"widget\" data-widget_type=\"text-editor.default\">\n\t\t\t\t<div class=\"elementor-widget-container\">\n\t\t\t\t\t\t\t\t\t<p>1 \/ 3<\/p>\t\t\t\t\t\t\t\t<\/div>\n\t\t\t\t<\/div>\n\t\t\t\t\t<\/div>\n\t\t<\/div>\n\t\t\t\t<div class=\"elementor-column elementor-col-33 elementor-top-column elementor-element elementor-element-dc2c0a2\" data-id=\"dc2c0a2\" data-element_type=\"column\" data-e-type=\"column\">\n\t\t\t<div class=\"elementor-widget-wrap\">\n\t\t\t\t\t\t\t<\/div>\n\t\t<\/div>\n\t\t\t\t<div class=\"elementor-column elementor-col-33 elementor-top-column elementor-element elementor-element-444bde4\" data-id=\"444bde4\" data-element_type=\"column\" data-e-type=\"column\" data-settings=\"{&quot;motion_fx_motion_fx_scrolling&quot;:&quot;yes&quot;,&quot;motion_fx_translateY_effect&quot;:&quot;yes&quot;,&quot;motion_fx_translateY_speed&quot;:{&quot;unit&quot;:&quot;px&quot;,&quot;size&quot;:0.7,&quot;sizes&quot;:[]},&quot;motion_fx_translateY_affectedRange&quot;:{&quot;unit&quot;:&quot;%&quot;,&quot;size&quot;:&quot;&quot;,&quot;sizes&quot;:{&quot;start&quot;:0,&quot;end&quot;:100}},&quot;motion_fx_devices&quot;:[&quot;desktop&quot;,&quot;laptop&quot;,&quot;tablet&quot;,&quot;mobile&quot;]}\">\n\t\t\t<div class=\"elementor-widget-wrap elementor-element-populated\">\n\t\t\t\t\t\t<div class=\"elementor-element elementor-element-56d765f elementor-widget elementor-widget-heading\" data-id=\"56d765f\" data-element_type=\"widget\" data-e-type=\"widget\" data-widget_type=\"heading.default\">\n\t\t\t\t<div class=\"elementor-widget-container\">\n\t\t\t\t\t<h2 class=\"elementor-heading-title elementor-size-default\">Chris Heitzinger<\/h2>\t\t\t\t<\/div>\n\t\t\t\t<\/div>\n\t\t\t\t<div class=\"elementor-element elementor-element-87a967a elementor-widget elementor-widget-text-editor\" data-id=\"87a967a\" data-element_type=\"widget\" data-e-type=\"widget\" data-widget_type=\"text-editor.default\">\n\t\t\t\t<div class=\"elementor-widget-container\">\n\t\t\t\t\t\t\t\t\t<p>In der Ruhe liegt die Kraft. Anstatt lange drumherum zu reden, macht Chris einfach. Wenn die anderen beiden verzweifeln, \u00fcberrascht er mit genialen Ideen.<\/p>\t\t\t\t\t\t\t\t<\/div>\n\t\t\t\t<\/div>\n\t\t\t\t\t<\/div>\n\t\t<\/div>\n\t\t\t\t\t<\/div>\n\t\t<\/section>\n\t\t\t\t<section class=\"elementor-section elementor-top-section elementor-element elementor-element-e766108 elementor-section-height-min-height animated-fast elementor-section-boxed elementor-section-height-default elementor-section-items-middle elementor-invisible\" data-id=\"e766108\" data-element_type=\"section\" data-e-type=\"section\" data-settings=\"{&quot;background_background&quot;:&quot;classic&quot;,&quot;animation&quot;:&quot;fadeIn&quot;,&quot;animation_delay&quot;:350}\">\n\t\t\t\t\t\t<div class=\"elementor-container elementor-column-gap-default\">\n\t\t\t\t\t<div class=\"elementor-column elementor-col-33 elementor-top-column elementor-element elementor-element-212668d\" data-id=\"212668d\" data-element_type=\"column\" data-e-type=\"column\" data-settings=\"{&quot;motion_fx_motion_fx_scrolling&quot;:&quot;yes&quot;,&quot;motion_fx_translateY_effect&quot;:&quot;yes&quot;,&quot;motion_fx_translateY_speed&quot;:{&quot;unit&quot;:&quot;px&quot;,&quot;size&quot;:0.7,&quot;sizes&quot;:[]},&quot;motion_fx_translateY_affectedRange&quot;:{&quot;unit&quot;:&quot;%&quot;,&quot;size&quot;:&quot;&quot;,&quot;sizes&quot;:{&quot;start&quot;:0,&quot;end&quot;:100}},&quot;motion_fx_devices&quot;:[&quot;desktop&quot;,&quot;laptop&quot;,&quot;tablet&quot;,&quot;mobile&quot;]}\">\n\t\t\t<div class=\"elementor-widget-wrap elementor-element-populated\">\n\t\t\t\t\t\t<div class=\"elementor-element elementor-element-6899a45 elementor-widget elementor-widget-text-editor\" data-id=\"6899a45\" data-element_type=\"widget\" data-e-type=\"widget\" data-widget_type=\"text-editor.default\">\n\t\t\t\t<div class=\"elementor-widget-container\">\n\t\t\t\t\t\t\t\t\t<p>1 \/ 3<\/p>\t\t\t\t\t\t\t\t<\/div>\n\t\t\t\t<\/div>\n\t\t\t\t\t<\/div>\n\t\t<\/div>\n\t\t\t\t<div class=\"elementor-column elementor-col-33 elementor-top-column elementor-element elementor-element-fdeeaf1\" data-id=\"fdeeaf1\" data-element_type=\"column\" data-e-type=\"column\" data-settings=\"{&quot;motion_fx_motion_fx_scrolling&quot;:&quot;yes&quot;,&quot;motion_fx_translateY_effect&quot;:&quot;yes&quot;,&quot;motion_fx_translateY_speed&quot;:{&quot;unit&quot;:&quot;px&quot;,&quot;size&quot;:0.7,&quot;sizes&quot;:[]},&quot;motion_fx_translateY_affectedRange&quot;:{&quot;unit&quot;:&quot;%&quot;,&quot;size&quot;:&quot;&quot;,&quot;sizes&quot;:{&quot;start&quot;:0,&quot;end&quot;:100}},&quot;motion_fx_devices&quot;:[&quot;desktop&quot;,&quot;laptop&quot;,&quot;tablet&quot;,&quot;mobile&quot;]}\">\n\t\t\t<div class=\"elementor-widget-wrap elementor-element-populated\">\n\t\t\t\t\t\t<div class=\"elementor-element elementor-element-bd04de5 elementor-widget elementor-widget-heading\" data-id=\"bd04de5\" data-element_type=\"widget\" data-e-type=\"widget\" data-widget_type=\"heading.default\">\n\t\t\t\t<div class=\"elementor-widget-container\">\n\t\t\t\t\t<h2 class=\"elementor-heading-title elementor-size-default\">Fabian M\u00fcller<\/h2>\t\t\t\t<\/div>\n\t\t\t\t<\/div>\n\t\t\t\t<div class=\"elementor-element elementor-element-37b5eba elementor-widget elementor-widget-text-editor\" data-id=\"37b5eba\" data-element_type=\"widget\" data-e-type=\"widget\" data-widget_type=\"text-editor.default\">\n\t\t\t\t<div class=\"elementor-widget-container\">\n\t\t\t\t\t\t\t\t\t<p>Das Megamind in unserem Team saugt Wissen auf wie ein Schwamm und bringt komplexe Zusammenh\u00e4nge auf den Punkt. Er nimmt kein Blatt vor den Mund und sagt, was er denkt.<\/p>\t\t\t\t\t\t\t\t<\/div>\n\t\t\t\t<\/div>\n\t\t\t\t\t<\/div>\n\t\t<\/div>\n\t\t\t\t<div class=\"elementor-column elementor-col-33 elementor-top-column elementor-element elementor-element-60d81f7\" data-id=\"60d81f7\" data-element_type=\"column\" data-e-type=\"column\">\n\t\t\t<div class=\"elementor-widget-wrap\">\n\t\t\t\t\t\t\t<\/div>\n\t\t<\/div>\n\t\t\t\t\t<\/div>\n\t\t<\/section>\n\t\t\t\t<\/div>\n\t\t","protected":false},"excerpt":{"rendered":"<p>Outlize Crew Wenn Sie sich auf unbeantwortete SMS, nicht eingehaltene Deadlines und nach dem 37. ignorierten Anruf die Mobilbox anbr\u00fcllen einstellen, sind Sie bei uns genau falsch. Wer mit uns zusammenarbeitet, kann sich auf spa\u00dfige Meetings, ehrliche und direkte Kommunikation und ein hohes Ma\u00df an Zuverl\u00e4ssigkeit einstellen. Ihr Erfolg, sowie gegenseitiger Respekt, steht f\u00fcr uns [&hellip;]<\/p>\n","protected":false},"author":1,"featured_media":0,"parent":0,"menu_order":0,"comment_status":"closed","ping_status":"closed","template":"elementor_theme","meta":{"content-type":"","footnotes":""},"class_list":["post-3203","page","type-page","status-publish","hentry"],"yoast_head":"<!-- This site is optimized with the Yoast SEO Premium plugin v25.4 (Yoast SEO v27.4) - https:\/\/yoast.com\/product\/yoast-seo-premium-wordpress\/ -->\n<title>team | outlize \u2013 branding<\/title>\n<meta name=\"robots\" content=\"index, follow, max-snippet:-1, max-image-preview:large, max-video-preview:-1\" \/>\n<link rel=\"canonical\" href=\"https:\/\/www.outlize.com\/en\/team-2\/\" \/>\n<meta property=\"og:locale\" content=\"en_US\" \/>\n<meta property=\"og:type\" content=\"article\" \/>\n<meta property=\"og:title\" content=\"team\" \/>\n<meta property=\"og:description\" content=\"Outlize Crew Wenn Sie sich auf unbeantwortete SMS, nicht eingehaltene Deadlines und nach dem 37. ignorierten Anruf die Mobilbox anbr\u00fcllen einstellen, sind Sie bei uns genau falsch. Wer mit uns zusammenarbeitet, kann sich auf spa\u00dfige Meetings, ehrliche und direkte Kommunikation und ein hohes Ma\u00df an Zuverl\u00e4ssigkeit einstellen. Ihr Erfolg, sowie gegenseitiger Respekt, steht f\u00fcr uns [&hellip;]\" \/>\n<meta property=\"og:url\" content=\"https:\/\/www.outlize.com\/en\/team-2\/\" \/>\n<meta property=\"og:site_name\" content=\"outlize \u2013 branding\" \/>\n<meta property=\"article:modified_time\" content=\"2026-02-16T12:04:47+00:00\" \/>\n<meta property=\"og:image\" content=\"https:\/\/www.outlize.com\/wp-content\/uploads\/2023\/02\/2023-02-07-thumbnail-1_1.jpg\" \/>\n\t<meta property=\"og:image:width\" content=\"1080\" \/>\n\t<meta property=\"og:image:height\" content=\"1080\" \/>\n\t<meta property=\"og:image:type\" content=\"image\/jpeg\" \/>\n<meta name=\"twitter:card\" content=\"summary_large_image\" \/>\n<meta name=\"twitter:image\" content=\"https:\/\/www.outlize.com\/wp-content\/uploads\/2023\/02\/2023-02-07-thumbnail-16_9.jpg\" \/>\n<meta name=\"twitter:label1\" content=\"Est. reading time\" \/>\n\t<meta name=\"twitter:data1\" content=\"1 minute\" \/>\n<script type=\"application\/ld+json\" class=\"yoast-schema-graph\">{\"@context\":\"https:\\\/\\\/schema.org\",\"@graph\":[{\"@type\":\"WebPage\",\"@id\":\"https:\\\/\\\/www.outlize.com\\\/team-2\\\/\",\"url\":\"https:\\\/\\\/www.outlize.com\\\/team-2\\\/\",\"name\":\"team | outlize \u2013 branding\",\"isPartOf\":{\"@id\":\"https:\\\/\\\/www.outlize.com\\\/#website\"},\"datePublished\":\"2021-03-03T17:10:56+00:00\",\"dateModified\":\"2026-02-16T12:04:47+00:00\",\"breadcrumb\":{\"@id\":\"https:\\\/\\\/www.outlize.com\\\/team-2\\\/#breadcrumb\"},\"inLanguage\":\"en-US\",\"potentialAction\":[{\"@type\":\"ReadAction\",\"target\":[\"https:\\\/\\\/www.outlize.com\\\/team-2\\\/\"]}]},{\"@type\":\"BreadcrumbList\",\"@id\":\"https:\\\/\\\/www.outlize.com\\\/team-2\\\/#breadcrumb\",\"itemListElement\":[{\"@type\":\"ListItem\",\"position\":1,\"name\":\"Startseite\",\"item\":\"https:\\\/\\\/www.outlize.com\\\/\"},{\"@type\":\"ListItem\",\"position\":2,\"name\":\"team\"}]},{\"@type\":\"WebSite\",\"@id\":\"https:\\\/\\\/www.outlize.com\\\/#website\",\"url\":\"https:\\\/\\\/www.outlize.com\\\/\",\"name\":\"outlize \u2013 branding\",\"description\":\"branding as a statement\",\"publisher\":{\"@id\":\"https:\\\/\\\/www.outlize.com\\\/#organization\"},\"potentialAction\":[{\"@type\":\"SearchAction\",\"target\":{\"@type\":\"EntryPoint\",\"urlTemplate\":\"https:\\\/\\\/www.outlize.com\\\/?s={search_term_string}\"},\"query-input\":{\"@type\":\"PropertyValueSpecification\",\"valueRequired\":true,\"valueName\":\"search_term_string\"}}],\"inLanguage\":\"en-US\"},{\"@type\":\"Organization\",\"@id\":\"https:\\\/\\\/www.outlize.com\\\/#organization\",\"name\":\"outlize\",\"url\":\"https:\\\/\\\/www.outlize.com\\\/\",\"logo\":{\"@type\":\"ImageObject\",\"inLanguage\":\"en-US\",\"@id\":\"https:\\\/\\\/www.outlize.com\\\/#\\\/schema\\\/logo\\\/image\\\/\",\"url\":\"https:\\\/\\\/www.outlize.com\\\/wp-content\\\/uploads\\\/2020\\\/11\\\/2020-11-06-outlize-logo-LB-RGB.svg\",\"contentUrl\":\"https:\\\/\\\/www.outlize.com\\\/wp-content\\\/uploads\\\/2020\\\/11\\\/2020-11-06-outlize-logo-LB-RGB.svg\",\"width\":1,\"height\":1,\"caption\":\"outlize\"},\"image\":{\"@id\":\"https:\\\/\\\/www.outlize.com\\\/#\\\/schema\\\/logo\\\/image\\\/\"}}]}<\/script>\n<!-- \/ Yoast SEO Premium plugin. -->","yoast_head_json":{"title":"team | outlize \u2013 branding","robots":{"index":"index","follow":"follow","max-snippet":"max-snippet:-1","max-image-preview":"max-image-preview:large","max-video-preview":"max-video-preview:-1"},"canonical":"https:\/\/www.outlize.com\/en\/team-2\/","og_locale":"en_US","og_type":"article","og_title":"team","og_description":"Outlize Crew Wenn Sie sich auf unbeantwortete SMS, nicht eingehaltene Deadlines und nach dem 37. ignorierten Anruf die Mobilbox anbr\u00fcllen einstellen, sind Sie bei uns genau falsch. Wer mit uns zusammenarbeitet, kann sich auf spa\u00dfige Meetings, ehrliche und direkte Kommunikation und ein hohes Ma\u00df an Zuverl\u00e4ssigkeit einstellen. Ihr Erfolg, sowie gegenseitiger Respekt, steht f\u00fcr uns [&hellip;]","og_url":"https:\/\/www.outlize.com\/en\/team-2\/","og_site_name":"outlize \u2013 branding","article_modified_time":"2026-02-16T12:04:47+00:00","og_image":[{"width":1080,"height":1080,"url":"https:\/\/www.outlize.com\/wp-content\/uploads\/2023\/02\/2023-02-07-thumbnail-1_1.jpg","type":"image\/jpeg"}],"twitter_card":"summary_large_image","twitter_image":"https:\/\/www.outlize.com\/wp-content\/uploads\/2023\/02\/2023-02-07-thumbnail-16_9.jpg","twitter_misc":{"Est. reading time":"1 minute"},"schema":{"@context":"https:\/\/schema.org","@graph":[{"@type":"WebPage","@id":"https:\/\/www.outlize.com\/team-2\/","url":"https:\/\/www.outlize.com\/team-2\/","name":"team | outlize \u2013 branding","isPartOf":{"@id":"https:\/\/www.outlize.com\/#website"},"datePublished":"2021-03-03T17:10:56+00:00","dateModified":"2026-02-16T12:04:47+00:00","breadcrumb":{"@id":"https:\/\/www.outlize.com\/team-2\/#breadcrumb"},"inLanguage":"en-US","potentialAction":[{"@type":"ReadAction","target":["https:\/\/www.outlize.com\/team-2\/"]}]},{"@type":"BreadcrumbList","@id":"https:\/\/www.outlize.com\/team-2\/#breadcrumb","itemListElement":[{"@type":"ListItem","position":1,"name":"Startseite","item":"https:\/\/www.outlize.com\/"},{"@type":"ListItem","position":2,"name":"team"}]},{"@type":"WebSite","@id":"https:\/\/www.outlize.com\/#website","url":"https:\/\/www.outlize.com\/","name":"outlize \u2013 branding","description":"branding as a statement","publisher":{"@id":"https:\/\/www.outlize.com\/#organization"},"potentialAction":[{"@type":"SearchAction","target":{"@type":"EntryPoint","urlTemplate":"https:\/\/www.outlize.com\/?s={search_term_string}"},"query-input":{"@type":"PropertyValueSpecification","valueRequired":true,"valueName":"search_term_string"}}],"inLanguage":"en-US"},{"@type":"Organization","@id":"https:\/\/www.outlize.com\/#organization","name":"outlize","url":"https:\/\/www.outlize.com\/","logo":{"@type":"ImageObject","inLanguage":"en-US","@id":"https:\/\/www.outlize.com\/#\/schema\/logo\/image\/","url":"https:\/\/www.outlize.com\/wp-content\/uploads\/2020\/11\/2020-11-06-outlize-logo-LB-RGB.svg","contentUrl":"https:\/\/www.outlize.com\/wp-content\/uploads\/2020\/11\/2020-11-06-outlize-logo-LB-RGB.svg","width":1,"height":1,"caption":"outlize"},"image":{"@id":"https:\/\/www.outlize.com\/#\/schema\/logo\/image\/"}}]}},"_links":{"self":[{"href":"https:\/\/www.outlize.com\/en\/wp-json\/wp\/v2\/pages\/3203","targetHints":{"allow":["GET"]}}],"collection":[{"href":"https:\/\/www.outlize.com\/en\/wp-json\/wp\/v2\/pages"}],"about":[{"href":"https:\/\/www.outlize.com\/en\/wp-json\/wp\/v2\/types\/page"}],"author":[{"embeddable":true,"href":"https:\/\/www.outlize.com\/en\/wp-json\/wp\/v2\/users\/1"}],"replies":[{"embeddable":true,"href":"https:\/\/www.outlize.com\/en\/wp-json\/wp\/v2\/comments?post=3203"}],"version-history":[{"count":3,"href":"https:\/\/www.outlize.com\/en\/wp-json\/wp\/v2\/pages\/3203\/revisions"}],"predecessor-version":[{"id":20061,"href":"https:\/\/www.outlize.com\/en\/wp-json\/wp\/v2\/pages\/3203\/revisions\/20061"}],"wp:attachment":[{"href":"https:\/\/www.outlize.com\/en\/wp-json\/wp\/v2\/media?parent=3203"}],"curies":[{"name":"wp","href":"https:\/\/api.w.org\/{rel}","templated":true}]}}